{"id":2001,"date":"2023-01-18T09:37:51","date_gmt":"2023-01-18T07:37:51","guid":{"rendered":"https:\/\/carbonerre.com\/?post_type=product&#038;p=2001"},"modified":"2025-09-18T19:54:04","modified_gmt":"2025-09-18T17:54:04","slug":"t-shirt-crbnre-classic","status":"publish","type":"product","link":"https:\/\/carbonerre.com\/en_gb\/store\/t-shirts\/t-shirt-crbnre-classic\/","title":{"rendered":"T-SHIRT CRBNRE CLASSIC"},"content":{"rendered":"<p>T- SHIRT CRBNRE CLASSIC<\/p>\n<p>Czarny t-shirt o lu\u017anym, oversize\u2019owym kroju, zaprojektowany pod czujnym okiem team CRBNRE. Wykonany w 100% z wysokojako\u015bciowej bawe\u0142ny o gramaturze 210 g\/m2, w kolorze czarnym. Nadruk logotyp\u00f3w wykonany metod\u0105 termotransferu, przy u\u017cyciu wysokiej jako\u015bci komponent\u00f3w. Szerokie r\u0119kawy oraz modny podkr\u00f3j szyi, to klasyczna propozycja codziennej stylizacji, inspirowana odrobin\u0105 streetwear&#8217;owego luzu. T-shirt dost\u0119pny w siedmiu rozmiarach, dzi\u0119ki czemu mo\u017cesz idealnie dopasowa\u0107 go pod swoj\u0105 sylwetk\u0119. Wyprodukowano w 100% w Polsce. Wszystkie materia\u0142y i dodatki pochodz\u0105 od Polskich producent\u00f3w.<\/p>\n<p>Sk\u0142ad :<br \/>\n&#8211; dzianina 100% bawe\u0142na<\/p>","protected":false},"excerpt":{"rendered":"<p>Gramatura : 210g\/m2<\/p>\n<p>100% Bawe\u0142na<\/p>\n<p>&nbsp;<\/p>","protected":false},"featured_media":2433,"comment_status":"open","ping_status":"closed","template":"","meta":{"_acf_changed":false},"product_brand":[],"product_cat":[21],"product_tag":[],"class_list":{"0":"post-2001","1":"product","2":"type-product","3":"status-publish","4":"has-post-thumbnail","6":"product_cat-t-shirts","8":"first","9":"instock","10":"shipping-taxable","11":"purchasable","12":"product-type-variable","swatches":"rey-swatches","show_selected":""},"acf":[],"jetpack_sharing_enabled":true,"_links":{"self":[{"href":"https:\/\/carbonerre.com\/en_gb\/wp-json\/wp\/v2\/product\/2001","targetHints":{"allow":["GET"]}}],"collection":[{"href":"https:\/\/carbonerre.com\/en_gb\/wp-json\/wp\/v2\/product"}],"about":[{"href":"https:\/\/carbonerre.com\/en_gb\/wp-json\/wp\/v2\/types\/product"}],"replies":[{"embeddable":true,"href":"https:\/\/carbonerre.com\/en_gb\/wp-json\/wp\/v2\/comments?post=2001"}],"wp:featuredmedia":[{"embeddable":true,"href":"https:\/\/carbonerre.com\/en_gb\/wp-json\/wp\/v2\/media\/2433"}],"wp:attachment":[{"href":"https:\/\/carbonerre.com\/en_gb\/wp-json\/wp\/v2\/media?parent=2001"}],"wp:term":[{"taxonomy":"product_brand","embeddable":true,"href":"https:\/\/carbonerre.com\/en_gb\/wp-json\/wp\/v2\/product_brand?post=2001"},{"taxonomy":"product_cat","embeddable":true,"href":"https:\/\/carbonerre.com\/en_gb\/wp-json\/wp\/v2\/product_cat?post=2001"},{"taxonomy":"product_tag","embeddable":true,"href":"https:\/\/carbonerre.com\/en_gb\/wp-json\/wp\/v2\/product_tag?post=2001"}],"curies":[{"name":"wp","href":"https:\/\/api.w.org\/{rel}","templated":true}]}}