{"id":3229,"date":"2023-05-24T09:47:04","date_gmt":"2023-05-24T07:47:04","guid":{"rendered":"https:\/\/carbonerre.com\/?post_type=product&#038;p=3229"},"modified":"2023-08-09T18:14:00","modified_gmt":"2023-08-09T16:14:00","slug":"crbnre-keychain","status":"publish","type":"product","link":"https:\/\/carbonerre.com\/en_gb\/store\/accessories\/crbnre-keychain\/","title":{"rendered":"CRBNRE KEYCHAIN"},"content":{"rendered":"<p>CRBNRE KEYCHAIN<\/p>\n<p>Praktyczny brelok do kluczy wykonany z 100% w\u0142\u00f3kna w\u0119glowego z logo marki. Szybko wprowadza porz\u0105dek w \u201echaos kluczy\u201d. Wyprodukowano w Polsce.<\/p>\n<p>Wymiary:<\/p>\n<p>65 x 20 mm<\/p>\n<p>Sk\u0142ad:<br \/>\n-zawieszka 100% w\u0142\u00f3kno w\u0119glowe<br \/>\n-zapinka 100% stal<\/p>","protected":false},"excerpt":{"rendered":"<p>Wymiary:<\/p>\n<p>65 x 20 mm<\/p>\n<p>Sk\u0142ad:<br \/>\n-zawieszka 100% w\u0142\u00f3kno w\u0119glowe<br \/>\n-zapinka 100% stal<\/p>","protected":false},"featured_media":3454,"comment_status":"open","ping_status":"closed","template":"","meta":{"_acf_changed":false},"product_brand":[],"product_cat":[19],"product_tag":[],"class_list":{"0":"post-3229","1":"product","2":"type-product","3":"status-publish","4":"has-post-thumbnail","6":"product_cat-accessories","8":"first","9":"instock","10":"shipping-taxable","11":"purchasable","12":"product-type-simple","swatches":"rey-swatches","show_selected":""},"acf":[],"jetpack_sharing_enabled":true,"_links":{"self":[{"href":"https:\/\/carbonerre.com\/en_gb\/wp-json\/wp\/v2\/product\/3229","targetHints":{"allow":["GET"]}}],"collection":[{"href":"https:\/\/carbonerre.com\/en_gb\/wp-json\/wp\/v2\/product"}],"about":[{"href":"https:\/\/carbonerre.com\/en_gb\/wp-json\/wp\/v2\/types\/product"}],"replies":[{"embeddable":true,"href":"https:\/\/carbonerre.com\/en_gb\/wp-json\/wp\/v2\/comments?post=3229"}],"wp:featuredmedia":[{"embeddable":true,"href":"https:\/\/carbonerre.com\/en_gb\/wp-json\/wp\/v2\/media\/3454"}],"wp:attachment":[{"href":"https:\/\/carbonerre.com\/en_gb\/wp-json\/wp\/v2\/media?parent=3229"}],"wp:term":[{"taxonomy":"product_brand","embeddable":true,"href":"https:\/\/carbonerre.com\/en_gb\/wp-json\/wp\/v2\/product_brand?post=3229"},{"taxonomy":"product_cat","embeddable":true,"href":"https:\/\/carbonerre.com\/en_gb\/wp-json\/wp\/v2\/product_cat?post=3229"},{"taxonomy":"product_tag","embeddable":true,"href":"https:\/\/carbonerre.com\/en_gb\/wp-json\/wp\/v2\/product_tag?post=3229"}],"curies":[{"name":"wp","href":"https:\/\/api.w.org\/{rel}","templated":true}]}}