{"id":3242,"date":"2023-05-24T10:09:38","date_gmt":"2023-05-24T08:09:38","guid":{"rendered":"https:\/\/carbonerre.com\/?post_type=product&#038;p=3242"},"modified":"2023-09-16T16:13:59","modified_gmt":"2023-09-16T14:13:59","slug":"crbnre-dogtag","status":"publish","type":"product","link":"https:\/\/carbonerre.com\/en_gb\/store\/accessories\/crbnre-dogtag\/","title":{"rendered":"CRBNRE DOGTAG"},"content":{"rendered":"<p>Ca\u0142kowicie czarny design nie\u015bmiertelnika zaprojektowany pod czujnym okiem team CRBNRE. Dogtag wykonany z 100% w\u0142\u00f3kna w\u0119glowego z logo marki. \u0141a\u0144cuszek zosta\u0142 wykonany z chirurgicznej stali nierdzewnej. Proste zapi\u0119cie na karabi\u0144czyk utrzymuje go bezpiecznie na szyi. Idealne dope\u0142nienie streetwearowej stylizacji. Wyprodukowano w Polsce.<\/p>\n<p>Wymiary:<\/p>\n<p>45 x 30 mm<\/p>\n<p>Sk\u0142ad:<br \/>\n-zawieszka 100% w\u0142\u00f3kno w\u0119glowe<br \/>\n-\u0142a\u0144cuszek 100% stal nierdzewna<\/p>","protected":false},"excerpt":{"rendered":"<p>Wymiary:<\/p>\n<p>45 x 30 mm<\/p>\n<p>Sk\u0142ad:<br \/>\n-zawieszka 100% w\u0142\u00f3kno w\u0119glowe<br \/>\n-\u0142a\u0144cuszek 100% stal nierdzewna<\/p>","protected":false},"featured_media":3464,"comment_status":"open","ping_status":"closed","template":"","meta":{"_acf_changed":false},"product_brand":[],"product_cat":[19],"product_tag":[],"class_list":{"0":"post-3242","1":"product","2":"type-product","3":"status-publish","4":"has-post-thumbnail","6":"product_cat-accessories","8":"first","9":"outofstock","10":"shipping-taxable","11":"purchasable","12":"product-type-simple","swatches":"rey-swatches","show_selected":""},"acf":[],"jetpack_sharing_enabled":true,"_links":{"self":[{"href":"https:\/\/carbonerre.com\/en_gb\/wp-json\/wp\/v2\/product\/3242","targetHints":{"allow":["GET"]}}],"collection":[{"href":"https:\/\/carbonerre.com\/en_gb\/wp-json\/wp\/v2\/product"}],"about":[{"href":"https:\/\/carbonerre.com\/en_gb\/wp-json\/wp\/v2\/types\/product"}],"replies":[{"embeddable":true,"href":"https:\/\/carbonerre.com\/en_gb\/wp-json\/wp\/v2\/comments?post=3242"}],"wp:featuredmedia":[{"embeddable":true,"href":"https:\/\/carbonerre.com\/en_gb\/wp-json\/wp\/v2\/media\/3464"}],"wp:attachment":[{"href":"https:\/\/carbonerre.com\/en_gb\/wp-json\/wp\/v2\/media?parent=3242"}],"wp:term":[{"taxonomy":"product_brand","embeddable":true,"href":"https:\/\/carbonerre.com\/en_gb\/wp-json\/wp\/v2\/product_brand?post=3242"},{"taxonomy":"product_cat","embeddable":true,"href":"https:\/\/carbonerre.com\/en_gb\/wp-json\/wp\/v2\/product_cat?post=3242"},{"taxonomy":"product_tag","embeddable":true,"href":"https:\/\/carbonerre.com\/en_gb\/wp-json\/wp\/v2\/product_tag?post=3242"}],"curies":[{"name":"wp","href":"https:\/\/api.w.org\/{rel}","templated":true}]}}