{"id":3375,"date":"2023-05-25T16:12:59","date_gmt":"2023-05-25T14:12:59","guid":{"rendered":"https:\/\/carbonerre.com\/?post_type=product&#038;p=3375"},"modified":"2023-09-27T15:16:18","modified_gmt":"2023-09-27T13:16:18","slug":"crbnre-cup","status":"publish","type":"product","link":"https:\/\/carbonerre.com\/en_gb\/store\/accessories\/crbnre-cup\/","title":{"rendered":"CRBNRE PARTY CUP&#8217;S"},"content":{"rendered":"<p>Praktyczny jednorazowy kubek na ciep\u0142e i zimne napoje.<\/p>\n<p>Najlepiej wsp\u00f3\u0142pracuje ze wszystkimi dost\u0119pnymi na ziemi alkoholami. Sprawdzone w boju.<\/p>\n<p>W zestawie z wieczkiem.<\/p>\n<p>Wysy\u0142ane po 65 szt. (2z\u0142\/szt)<\/p>\n<p>Pojemno\u015b\u0107:<\/p>\n<p>250ml<\/p>\n<p>Wykonane z papieru i plastiku.<\/p>\n<p>&nbsp;<\/p>\n<p>&nbsp;<\/p>","protected":false},"excerpt":{"rendered":"<p>Wysy\u0142ane po 65 szt. (2z\u0142\/szt)<\/p>\n<p>Najlepiej wsp\u00f3\u0142pracuje ze wszystkimi dost\u0119pnymi na ziemi alkoholami.<\/p>\n<p>Pojemno\u015b\u0107:<\/p>\n<p>250ml<\/p>\n<p>Wykonane z papieru i plastiku.<\/p>","protected":false},"featured_media":3448,"comment_status":"open","ping_status":"closed","template":"","meta":{"_acf_changed":false},"product_brand":[],"product_cat":[19],"product_tag":[],"class_list":{"0":"post-3375","1":"product","2":"type-product","3":"status-publish","4":"has-post-thumbnail","6":"product_cat-accessories","8":"first","9":"instock","10":"shipping-taxable","11":"purchasable","12":"product-type-simple","swatches":"rey-swatches","show_selected":""},"acf":[],"jetpack_sharing_enabled":true,"_links":{"self":[{"href":"https:\/\/carbonerre.com\/en_gb\/wp-json\/wp\/v2\/product\/3375","targetHints":{"allow":["GET"]}}],"collection":[{"href":"https:\/\/carbonerre.com\/en_gb\/wp-json\/wp\/v2\/product"}],"about":[{"href":"https:\/\/carbonerre.com\/en_gb\/wp-json\/wp\/v2\/types\/product"}],"replies":[{"embeddable":true,"href":"https:\/\/carbonerre.com\/en_gb\/wp-json\/wp\/v2\/comments?post=3375"}],"wp:featuredmedia":[{"embeddable":true,"href":"https:\/\/carbonerre.com\/en_gb\/wp-json\/wp\/v2\/media\/3448"}],"wp:attachment":[{"href":"https:\/\/carbonerre.com\/en_gb\/wp-json\/wp\/v2\/media?parent=3375"}],"wp:term":[{"taxonomy":"product_brand","embeddable":true,"href":"https:\/\/carbonerre.com\/en_gb\/wp-json\/wp\/v2\/product_brand?post=3375"},{"taxonomy":"product_cat","embeddable":true,"href":"https:\/\/carbonerre.com\/en_gb\/wp-json\/wp\/v2\/product_cat?post=3375"},{"taxonomy":"product_tag","embeddable":true,"href":"https:\/\/carbonerre.com\/en_gb\/wp-json\/wp\/v2\/product_tag?post=3375"}],"curies":[{"name":"wp","href":"https:\/\/api.w.org\/{rel}","templated":true}]}}