{"id":3357,"date":"2023-05-25T14:50:46","date_gmt":"2023-05-25T12:50:46","guid":{"rendered":"https:\/\/carbonerre.com\/?post_type=product&#038;p=3357"},"modified":"2024-03-13T09:55:27","modified_gmt":"2024-03-13T07:55:27","slug":"crbnre-wrist-band","status":"publish","type":"product","link":"https:\/\/carbonerre.com\/pl\/store\/accessories\/crbnre-wrist-band\/","title":{"rendered":"OPASKA NA NADGARSTEK CRBNRE"},"content":{"rendered":"<p>OPASKA NA NADGARSTEK CRBNRE<\/p>\n<p>Silikonowa opaska na r\u0119k\u0119 to \u015bwietny gad\u017cet, dla ka\u017cdego. Znajdziesz na niej nadruk z logo marki oraz has\u0142o przewodnie CRBNRE. Wyprodukowano w Polsce.<\/p>\n<p>Wymiary:<br \/>\n\u015arednica 65 mm<\/p>\n<p>Sk\u0142ad:<br \/>\n-opaska 100% silikon<\/p>","protected":false},"excerpt":{"rendered":"<p>Wymiary:<br \/>\n\u015arednica 65 mm<\/p>\n<p>Sk\u0142ad:<br \/>\n-opaska 100% silikon<\/p>","protected":false},"featured_media":3440,"comment_status":"open","ping_status":"closed","template":"","meta":{"_acf_changed":false},"product_brand":[],"product_cat":[19],"product_tag":[],"class_list":{"0":"post-3357","1":"product","2":"type-product","3":"status-publish","4":"has-post-thumbnail","6":"product_cat-accessories","8":"first","9":"instock","10":"shipping-taxable","11":"purchasable","12":"product-type-simple","swatches":"rey-swatches","show_selected":""},"acf":[],"jetpack_sharing_enabled":true,"_links":{"self":[{"href":"https:\/\/carbonerre.com\/pl\/wp-json\/wp\/v2\/product\/3357","targetHints":{"allow":["GET"]}}],"collection":[{"href":"https:\/\/carbonerre.com\/pl\/wp-json\/wp\/v2\/product"}],"about":[{"href":"https:\/\/carbonerre.com\/pl\/wp-json\/wp\/v2\/types\/product"}],"replies":[{"embeddable":true,"href":"https:\/\/carbonerre.com\/pl\/wp-json\/wp\/v2\/comments?post=3357"}],"wp:featuredmedia":[{"embeddable":true,"href":"https:\/\/carbonerre.com\/pl\/wp-json\/wp\/v2\/media\/3440"}],"wp:attachment":[{"href":"https:\/\/carbonerre.com\/pl\/wp-json\/wp\/v2\/media?parent=3357"}],"wp:term":[{"taxonomy":"product_brand","embeddable":true,"href":"https:\/\/carbonerre.com\/pl\/wp-json\/wp\/v2\/product_brand?post=3357"},{"taxonomy":"product_cat","embeddable":true,"href":"https:\/\/carbonerre.com\/pl\/wp-json\/wp\/v2\/product_cat?post=3357"},{"taxonomy":"product_tag","embeddable":true,"href":"https:\/\/carbonerre.com\/pl\/wp-json\/wp\/v2\/product_tag?post=3357"}],"curies":[{"name":"wp","href":"https:\/\/api.w.org\/{rel}","templated":true}]}}