{"id":3879,"date":"2023-07-27T15:13:01","date_gmt":"2023-07-27T13:13:01","guid":{"rendered":"https:\/\/carbonerre.com\/?post_type=product&#038;p=3879"},"modified":"2025-06-10T22:38:39","modified_gmt":"2025-06-10T20:38:39","slug":"crbnre-wmns-top","status":"publish","type":"product","link":"https:\/\/carbonerre.com\/pl\/store\/hoodies\/crbnre-wmns-top\/","title":{"rendered":"TOP SPORTOWY CRBNRE WMNS"},"content":{"rendered":"<p>Bluza z kapturem o oversize'owym kroju, zaprojektowana pod czujnym okiem team CRBNRE. Uszyta z najwy\u017cszej jako\u015bci dzianiny p\u0119telkowej o gramaturze 340 g\/m2, w kolorze czarnym. Nadruk logotyp\u00f3w wykonany metod\u0105 termotransferu, przy u\u017cyciu wysokiej jako\u015bci komponent\u00f3w. Ty\u0142 bluzy wyko\u0144czony grub\u0105 siateczk\u0105 z ca\u0142kowicie niewyczuwalnym oraz niespieralnym nadrukiem sublimacyjnym. Kr\u00f3j z obni\u017con\u0105 lini\u0105 ramion, r\u0119kawy i d\u00f3\u0142 zako\u0144czone \u015bci\u0105gaczem. Model stworzony z my\u015bl\u0105 o modnej wygodzie.<br \/>\nWyprodukowano w 100% w Polsce. Wszystkie materia\u0142y i dodatki pochodz\u0105 od Polskich producent\u00f3w.<\/p>\n<p>Sk\u0142ad :<br \/>\n- dzianina 90% bawe\u0142na, 10% poliester<br \/>\n- siatka 100% poliester<\/p>","protected":false},"excerpt":{"rendered":"<p>Gramatura: 340 g\/m2<\/p>\n<p>Sk\u0142ad :<br \/>\n- dzianina 90% bawe\u0142na, 10% poliester<br \/>\n- siatka 100% poliester<\/p>","protected":false},"featured_media":3873,"comment_status":"open","ping_status":"closed","template":"","meta":{"_acf_changed":false},"product_brand":[],"product_cat":[20],"product_tag":[],"class_list":{"0":"post-3879","1":"product","2":"type-product","3":"status-publish","4":"has-post-thumbnail","6":"product_cat-hoodies","8":"first","9":"instock","10":"shipping-taxable","11":"purchasable","12":"product-type-variable","swatches":"rey-swatches","show_selected":""},"acf":[],"jetpack_sharing_enabled":true,"_links":{"self":[{"href":"https:\/\/carbonerre.com\/pl\/wp-json\/wp\/v2\/product\/3879","targetHints":{"allow":["GET"]}}],"collection":[{"href":"https:\/\/carbonerre.com\/pl\/wp-json\/wp\/v2\/product"}],"about":[{"href":"https:\/\/carbonerre.com\/pl\/wp-json\/wp\/v2\/types\/product"}],"replies":[{"embeddable":true,"href":"https:\/\/carbonerre.com\/pl\/wp-json\/wp\/v2\/comments?post=3879"}],"wp:featuredmedia":[{"embeddable":true,"href":"https:\/\/carbonerre.com\/pl\/wp-json\/wp\/v2\/media\/3873"}],"wp:attachment":[{"href":"https:\/\/carbonerre.com\/pl\/wp-json\/wp\/v2\/media?parent=3879"}],"wp:term":[{"taxonomy":"product_brand","embeddable":true,"href":"https:\/\/carbonerre.com\/pl\/wp-json\/wp\/v2\/product_brand?post=3879"},{"taxonomy":"product_cat","embeddable":true,"href":"https:\/\/carbonerre.com\/pl\/wp-json\/wp\/v2\/product_cat?post=3879"},{"taxonomy":"product_tag","embeddable":true,"href":"https:\/\/carbonerre.com\/pl\/wp-json\/wp\/v2\/product_tag?post=3879"}],"curies":[{"name":"wp","href":"https:\/\/api.w.org\/{rel}","templated":true}]}}